{"id":945,"date":"2025-06-07T02:10:38","date_gmt":"2025-06-07T02:10:38","guid":{"rendered":"https:\/\/lina-mentoring.de\/?page_id=945"},"modified":"2025-06-27T22:46:07","modified_gmt":"2025-06-27T22:46:07","slug":"allgemeine-geschaeftsbedingungen","status":"publish","type":"page","link":"https:\/\/lina-mentoring.de\/index.php\/allgemeine-geschaeftsbedingungen\/","title":{"rendered":"Allgemeine Gesch\u00e4ftsbedingungen"},"content":{"rendered":"\n<p>\u00a7 1 Geltungsbereich<br>(1) Diese AGB gelten f\u00fcr Vertr\u00e4ge zwischen<br>\u2003Ewelina G\u00f3rska-Tetcu, Trentiner Ring 4, 86356 T\u00e4fertingen<br>\u2003(nachfolgend \u201eAnbieterin\u201c)<br>\u2003und ihren Kund*innen (\u201eKunde\u201c) \u00fcber www.lina-mentoring.de.<br>(2) Kunden k\u00f6nnen Verbraucher (\u00a7 13 BGB) oder Unternehmer (\u00a7 14 BGB) sein. F\u00fcr Unternehmer gelten zus\u00e4tzlich \u00a7 12.<\/p>\n\n\n\n<p>\u00a7 2 Vertragsgegenstand<br>(1) Online-Kurse (digitale Inhalte).<br>(2) Mentoring-Dienstleistungen (Terminbuchung \u00fcber \u201eFluent Booking Pro\u201c).<\/p>\n\n\n\n<p>\u00a7 3 Bestell- und Buchungsprozess<br>(1) Kurse: Warenkorb \u2192 Warenkorb-Seite \u2192 Zur Kasse \u2192 Daten eingeben \u2192 Bestellung pr\u00fcfen \u2192 \u201eZahlungspflichtig bestellen\u201c.<br>(2) Mentoring: Angebot &amp; Termin w\u00e4hlen \u2192 Daten eingeben \u2192 Weiterleitung zum WooCommerce-Checkout wie oben.<br>Vor Absenden kann der Kunde Daten \u00e4ndern oder abbrechen. Nach Bestellung erh\u00e4lt er Best\u00e4tigung und PDF-Rechnung per E-Mail.<\/p>\n\n\n\n<p>\u00a7 4 Vertragssprache &amp; Speicherung<br>Vertragssprache ist Deutsch. Der Vertragstext wird nicht \u00f6ffentlich gespeichert; Bestelldaten + AGB werden per E-Mail zugesandt.<\/p>\n\n\n\n<p>\u00a7 5 Preise &amp; Zahlung<br>Endpreise gem\u00e4\u00df \u00a7 19 UStG (keine USt). Zahlung \u00fcber \u201ePayPal Checkout\u201c.<\/p>\n\n\n\n<p>\u00a7 6 Bereitstellung digitaler Inhalte<br>Freischaltung unmittelbar nach Zahlung. Widerrufsrecht erlischt gem. \u00a7 356 Abs. 5 BGB, wenn Kunde ausdr\u00fccklich zugestimmt und Kenntnis best\u00e4tigt hat.<\/p>\n\n\n\n<p>\u00a7 7 Leistungserbringung Mentoring<br>Erster Termin bei Buchung; weitere Termine einvernehmlich. Umbuchungen bis 24 h kostenfrei.<\/p>\n\n\n\n<p>\u00a7 8 Haftung<br>Unbeschr\u00e4nkte Haftung bei Vorsatz, grober Fahrl\u00e4ssigkeit sowie Verletzung von Leben, K\u00f6rper, Gesundheit. Bei einfacher Fahrl\u00e4ssigkeit nur f\u00fcr Kardinalpflichten, begrenzt auf typischen Schaden. Sonst ausgeschlossen; Produkthaftung bleibt unber\u00fchrt.<\/p>\n\n\n\n<p>\u00a7 9 Gew\u00e4hrleistung<br>Es gelten die gesetzlichen Vorschriften.<\/p>\n\n\n\n<p>\u00a7 10 Online-Streitbeilegung \/ ADR<br>OS-Plattform: https:\/\/ec.europa.eu\/consumers\/odr\/<br>Die Anbieterin nimmt nicht an Verbraucherschlichtungsverfahren teil und ist dazu nicht verpflichtet.<\/p>\n\n\n\n<p>\u00a7 11 Widerrufsrecht<br>Siehe gesonderte Widerrufsbelehrung.<\/p>\n\n\n\n<p>\u00a7 12 Zus\u00e4tzliche Bestimmungen f\u00fcr Unternehmer<br>(1) Gerichtsstand und Erf\u00fcllungsort: Augsburg, sofern Kunde Kaufmann etc.<br>(2) F\u00fcr Verbraucher gilt der gesetzliche Gerichtsstand.<br>(3) Es gilt deutsches Recht; UN-Kaufrecht ausgeschlossen.<\/p>\n\n\n\n<p>\u00a7 13 Schlussbestimmungen<br>Sollte eine Klausel unwirksam sein, bleibt der Vertrag im \u00dcbrigen wirksam.<\/p>\n\n\n\n<p>Stand: 09.06.2025<\/p>\n","protected":false},"excerpt":{"rendered":"<p>\u00a7 1 Geltungsbereich(1) Diese AGB gelten f\u00fcr Vertr\u00e4ge zwischen\u2003Ewelina G\u00f3rska-Tetcu, Trentiner Ring 4, 86356 T\u00e4fertingen\u2003(nachfolgend \u201eAnbieterin\u201c)\u2003und ihren Kund*innen (\u201eKunde\u201c) \u00fcber www.lina-mentoring.de.(2) Kunden k\u00f6nnen Verbraucher (\u00a7 13 BGB) oder Unternehmer (\u00a7 14 BGB) sein. F\u00fcr Unternehmer gelten zus\u00e4tzlich \u00a7 12. \u00a7 2 Vertragsgegenstand(1) Online-Kurse (digitale Inhalte).(2) Mentoring-Dienstleistungen (Terminbuchung \u00fcber \u201eFluent Booking Pro\u201c). \u00a7 3 Bestell- und [&hellip;]<\/p>\n","protected":false},"author":1,"featured_media":0,"parent":0,"menu_order":0,"comment_status":"closed","ping_status":"closed","template":"","meta":{"_gspb_post_css":"","footnotes":""},"class_list":["post-945","page","type-page","status-publish","hentry"],"blocksy_meta":[],"_links":{"self":[{"href":"https:\/\/lina-mentoring.de\/index.php\/wp-json\/wp\/v2\/pages\/945","targetHints":{"allow":["GET"]}}],"collection":[{"href":"https:\/\/lina-mentoring.de\/index.php\/wp-json\/wp\/v2\/pages"}],"about":[{"href":"https:\/\/lina-mentoring.de\/index.php\/wp-json\/wp\/v2\/types\/page"}],"author":[{"embeddable":true,"href":"https:\/\/lina-mentoring.de\/index.php\/wp-json\/wp\/v2\/users\/1"}],"replies":[{"embeddable":true,"href":"https:\/\/lina-mentoring.de\/index.php\/wp-json\/wp\/v2\/comments?post=945"}],"version-history":[{"count":5,"href":"https:\/\/lina-mentoring.de\/index.php\/wp-json\/wp\/v2\/pages\/945\/revisions"}],"predecessor-version":[{"id":1260,"href":"https:\/\/lina-mentoring.de\/index.php\/wp-json\/wp\/v2\/pages\/945\/revisions\/1260"}],"wp:attachment":[{"href":"https:\/\/lina-mentoring.de\/index.php\/wp-json\/wp\/v2\/media?parent=945"}],"curies":[{"name":"wp","href":"https:\/\/api.w.org\/{rel}","templated":true}]}}