{"id":1198,"date":"2025-06-26T23:53:33","date_gmt":"2025-06-26T23:53:33","guid":{"rendered":"https:\/\/lina-mentoring.de\/?page_id=1198"},"modified":"2025-06-27T22:48:12","modified_gmt":"2025-06-27T22:48:12","slug":"prawo-do-odstapienia-od-umowy","status":"publish","type":"page","link":"https:\/\/lina-mentoring.de\/index.php\/pl\/prawo-do-odstapienia-od-umowy\/","title":{"rendered":"Prawo do odst\u0105pienia od umowy"},"content":{"rendered":"\n<p>Konsumentom przys\u0142uguje prawo do odst\u0105pienia od niniejszej umowy w terminie 14 dni bez podania przyczyny.<\/p>\n\n\n\n<p><strong>Terminy odst\u0105pienia od umowy<\/strong><\/p>\n\n\n\n<p>Us\u0142ugi (mentoring): 14 dni od dnia zawarcia umowy<br>Tre\u015bci cyfrowe (kursy online): 14 dni od dnia zawarcia umowy<\/p>\n\n\n\n<p>Aby skorzysta\u0107 z prawa do odst\u0105pienia od umowy, nale\u017cy przes\u0142a\u0107 jednoznaczne o\u015bwiadczenie na poni\u017cszy adres:<\/p>\n\n\n\n<p>Ewelina G\u00f3rska-Tetcu<br>Trentiner Ring 4<br>86356 T\u00e4fertingen, Niemcy<br>E-mail: <a>info@lina-mentoring.de<\/a><br>Telefon: +49 160 334 97 36<\/p>\n\n\n\n<p><strong>Skutki odst\u0105pienia od umowy<\/strong><br>W przypadku skutecznego odst\u0105pienia od umowy zwracamy wszystkie otrzymane p\u0142atno\u015bci niezw\u0142ocznie, najp\u00f3\u017aniej w ci\u0105gu 14 dni od otrzymania o\u015bwiadczenia o odst\u0105pieniu, przy u\u017cyciu tego samego \u015brodka p\u0142atniczego, bez dodatkowych koszt\u00f3w.<\/p>\n\n\n\n<p><strong>Wyj\u0105tki i uwagi szczeg\u00f3lne<\/strong><\/p>\n\n\n\n<p>Us\u0142ugi: Je\u017celi za\u017c\u0105dali Pa\u0144stwo rozpocz\u0119cia \u015bwiadczenia us\u0142ugi w okresie odst\u0105pienia, zobowi\u0105zani s\u0105 Pa\u0144stwo do zap\u0142aty za \u015bwiadczenie spe\u0142nione do chwili odst\u0105pienia.<br>Tre\u015bci cyfrowe: Prawo do odst\u0105pienia od umowy wygasa przed up\u0142ywem 14 dni, je\u017celi dost\u0119p do tre\u015bci cyfrowych zosta\u0142 udost\u0119pniony po uprzednim wyra\u017ceniu przez Pa\u0144stwa wyra\u017anej zgody oraz potwierdzeniu utraty prawa odst\u0105pienia (\u00a7 356 ust. 5 BGB).<\/p>\n\n\n\n<p><strong>Wz\u00f3r formularza odst\u0105pienia od umowy<\/strong><br>\u2014 Do: Ewelina G\u00f3rska-Tetcu, Trentiner Ring 4, 86356 T\u00e4fertingen, <a>info@lina-mentoring.de<\/a><br>\u2014 Niniejszym odst\u0119puj\u0119\/odst\u0119pujemy od umowy zawartej przeze mnie\/nas dotycz\u0105cej &#8230;<br>\u2014 Zam\u00f3wiono dnia () \/ odebrano dnia ()<br>\u2014 Imi\u0119 i nazwisko konsumenta, adres<br>\u2014 Podpis (tylko przy wersji papierowej)<br>\u2014 Data<br>(*) Niepotrzebne skre\u015bli\u0107.<\/p>\n\n\n\n<p>Stan na dzie\u0144: 09.06.2025<\/p>\n","protected":false},"excerpt":{"rendered":"<p>Konsumentom przys\u0142uguje prawo do odst\u0105pienia od niniejszej umowy w terminie 14 dni bez podania przyczyny. Terminy odst\u0105pienia od umowy Us\u0142ugi (mentoring): 14 dni od dnia zawarcia umowyTre\u015bci cyfrowe (kursy online): 14 dni od dnia zawarcia umowy Aby skorzysta\u0107 z prawa do odst\u0105pienia od umowy, nale\u017cy przes\u0142a\u0107 jednoznaczne o\u015bwiadczenie na poni\u017cszy adres: Ewelina G\u00f3rska-TetcuTrentiner Ring 486356 [&hellip;]<\/p>\n","protected":false},"author":1,"featured_media":0,"parent":0,"menu_order":0,"comment_status":"closed","ping_status":"closed","template":"","meta":{"_gspb_post_css":"","footnotes":""},"class_list":["post-1198","page","type-page","status-publish","hentry"],"blocksy_meta":[],"_links":{"self":[{"href":"https:\/\/lina-mentoring.de\/index.php\/wp-json\/wp\/v2\/pages\/1198","targetHints":{"allow":["GET"]}}],"collection":[{"href":"https:\/\/lina-mentoring.de\/index.php\/wp-json\/wp\/v2\/pages"}],"about":[{"href":"https:\/\/lina-mentoring.de\/index.php\/wp-json\/wp\/v2\/types\/page"}],"author":[{"embeddable":true,"href":"https:\/\/lina-mentoring.de\/index.php\/wp-json\/wp\/v2\/users\/1"}],"replies":[{"embeddable":true,"href":"https:\/\/lina-mentoring.de\/index.php\/wp-json\/wp\/v2\/comments?post=1198"}],"version-history":[{"count":2,"href":"https:\/\/lina-mentoring.de\/index.php\/wp-json\/wp\/v2\/pages\/1198\/revisions"}],"predecessor-version":[{"id":1262,"href":"https:\/\/lina-mentoring.de\/index.php\/wp-json\/wp\/v2\/pages\/1198\/revisions\/1262"}],"wp:attachment":[{"href":"https:\/\/lina-mentoring.de\/index.php\/wp-json\/wp\/v2\/media?parent=1198"}],"curies":[{"name":"wp","href":"https:\/\/api.w.org\/{rel}","templated":true}]}}