{"id":1148,"date":"2025-06-26T23:23:49","date_gmt":"2025-06-26T23:23:49","guid":{"rendered":"https:\/\/lina-mentoring.de\/?page_id=1148"},"modified":"2025-06-27T22:44:41","modified_gmt":"2025-06-27T22:44:41","slug":"impressum-2","status":"publish","type":"page","link":"https:\/\/lina-mentoring.de\/index.php\/pl\/impressum-2\/","title":{"rendered":"Impressum"},"content":{"rendered":"\n<p>Informacje zgodnie z \u00a7 5 niemieckiej ustawy o telemediach (TMG)<\/p>\n\n\n\n<p>W\u0142a\u015bcicielka sklepu \/ osoby odpowiedzialna za tre\u015b\u0107:<\/p>\n\n\n\n<p>Ewelina G\u00f3rska-Tetcu<br>Trentiner Ring 4<br>86356 T\u00e4fertingen<br>Niemcy<\/p>\n\n\n\n<p>Dane kontaktowe:<br>Telefon: +49 160 334 97 36 (od poniedzia\u0142ku do pi\u0105tku, godz. 09:00\u201317:00)<br>E-mail: <a>info@lina-mentoring.de<\/a><br>Strona internetowa: <a class=\"\" href=\"https:\/\/www.lina-mentoring.de\">https:\/\/www.lina-mentoring.de<\/a><\/p>\n\n\n\n<p>Informacja o podatku VAT:<br>Zgodnie z \u00a7 19 niemieckiej ustawy o podatku VAT (UStG), dzia\u0142alno\u015b\u0107 prowadzona jest jako tzw. &#8222;ma\u0142y przedsi\u0119biorca&#8220;, dlatego nie naliczamy podatku VAT.<\/p>\n\n\n\n<p>Osoba odpowiedzialna za tre\u015b\u0107 strony zgodnie z \u00a7 55 ust. 2 niemieckiej umowy pa\u0144stwowej o radiofonii i telewizji (RStV):<br>Ewelina G\u00f3rska-Tetcu<br>Adres jak wy\u017cej<\/p>\n\n\n\n<p>Informacja o rozwi\u0105zywaniu spor\u00f3w online zgodnie z art. 14 ust. 1 rozporz\u0105dzenia ODR i \u00a7 36 VSBG<\/p>\n\n\n\n<p>Komisja Europejska udost\u0119pnia platform\u0119 do internetowego rozstrzygania spor\u00f3w (tzw. ODR): <a class=\"\" href=\"https:\/\/ec.europa.eu\/consumers\/odr\/\">https:\/\/ec.europa.eu\/consumers\/odr\/<\/a><\/p>\n\n\n\n<p>Informujemy, \u017ce nie jeste\u015bmy zobowi\u0105zani ani sk\u0142onni uczestniczy\u0107 w post\u0119powaniu przed konsumenckim biurem mediacyjnym w celu rozstrzygania spor\u00f3w.<\/p>\n","protected":false},"excerpt":{"rendered":"<p>Informacje zgodnie z \u00a7 5 niemieckiej ustawy o telemediach (TMG) W\u0142a\u015bcicielka sklepu \/ osoby odpowiedzialna za tre\u015b\u0107: Ewelina G\u00f3rska-TetcuTrentiner Ring 486356 T\u00e4fertingenNiemcy Dane kontaktowe:Telefon: +49 160 334 97 36 (od poniedzia\u0142ku do pi\u0105tku, godz. 09:00\u201317:00)E-mail: info@lina-mentoring.deStrona internetowa: https:\/\/www.lina-mentoring.de Informacja o podatku VAT:Zgodnie z \u00a7 19 niemieckiej ustawy o podatku VAT (UStG), dzia\u0142alno\u015b\u0107 prowadzona jest jako [&hellip;]<\/p>\n","protected":false},"author":1,"featured_media":0,"parent":0,"menu_order":0,"comment_status":"closed","ping_status":"closed","template":"","meta":{"_gspb_post_css":"","footnotes":""},"class_list":["post-1148","page","type-page","status-publish","hentry"],"blocksy_meta":[],"_links":{"self":[{"href":"https:\/\/lina-mentoring.de\/index.php\/wp-json\/wp\/v2\/pages\/1148","targetHints":{"allow":["GET"]}}],"collection":[{"href":"https:\/\/lina-mentoring.de\/index.php\/wp-json\/wp\/v2\/pages"}],"about":[{"href":"https:\/\/lina-mentoring.de\/index.php\/wp-json\/wp\/v2\/types\/page"}],"author":[{"embeddable":true,"href":"https:\/\/lina-mentoring.de\/index.php\/wp-json\/wp\/v2\/users\/1"}],"replies":[{"embeddable":true,"href":"https:\/\/lina-mentoring.de\/index.php\/wp-json\/wp\/v2\/comments?post=1148"}],"version-history":[{"count":2,"href":"https:\/\/lina-mentoring.de\/index.php\/wp-json\/wp\/v2\/pages\/1148\/revisions"}],"predecessor-version":[{"id":1257,"href":"https:\/\/lina-mentoring.de\/index.php\/wp-json\/wp\/v2\/pages\/1148\/revisions\/1257"}],"wp:attachment":[{"href":"https:\/\/lina-mentoring.de\/index.php\/wp-json\/wp\/v2\/media?parent=1148"}],"curies":[{"name":"wp","href":"https:\/\/api.w.org\/{rel}","templated":true}]}}