{"id":1088,"date":"2025-06-09T19:12:35","date_gmt":"2025-06-09T19:12:35","guid":{"rendered":"https:\/\/lina-mentoring.de\/?page_id=1088"},"modified":"2025-06-27T22:48:29","modified_gmt":"2025-06-27T22:48:29","slug":"widerrufsbelehrung","status":"publish","type":"page","link":"https:\/\/lina-mentoring.de\/index.php\/widerrufsbelehrung\/","title":{"rendered":"Widerrufsbelehrung"},"content":{"rendered":"\n<p>Verbraucher*innen haben das Recht, binnen vierzehn Tagen ohne Angabe von Gr\u00fcnden diesen Vertrag zu widerrufen.<\/p>\n\n\n\n<p>Widerrufsfristen<\/p>\n\n\n\n<ul class=\"wp-block-list\">\n<li>Dienstleistungen (Mentoring): 14 Tage ab Vertragsschluss<\/li>\n\n\n\n<li>Digitale Inhalte (Online-Kurse): 14 Tage ab Vertragsschluss<\/li>\n<\/ul>\n\n\n\n<p>Um Ihr Widerrufsrecht auszu\u00fcben, senden Sie eine eindeutige Erkl\u00e4rung an:<\/p>\n\n\n\n<p>Ewelina G\u00f3rska-Tetcu<br>Trentiner Ring 4<br>86356 T\u00e4fertingen, Deutschland<br>E-Mail: info@lina-mentoring.de<br>Telefon: +49 160 334 97 36<\/p>\n\n\n\n<p>Folgen des Widerrufs<br>Wir erstatten alle Zahlungen sp\u00e4testens binnen 14 Tagen ab Eingang Ihres Widerrufs mit demselben Zahlungsmittel und ohne Entgelte.<\/p>\n\n\n\n<p>Besondere Hinweise<\/p>\n\n\n\n<ol class=\"wp-block-list\">\n<li>Dienstleistungen: Haben Sie verlangt, dass die Dienstleistung w\u00e4hrend der Widerrufsfrist beginnt, zahlen Sie Wertersatz f\u00fcr bereits erbrachte Leistungen.<\/li>\n\n\n\n<li>Digitale Inhalte: Das Widerrufsrecht erlischt vorzeitig, wenn wir mit der Ausf\u00fchrung begonnen haben, nachdem Sie ausdr\u00fccklich zugestimmt und Ihre Kenntnis vom Erl\u00f6schen best\u00e4tigt haben (\u00a7 356 Abs. 5 BGB).<\/li>\n<\/ol>\n\n\n\n<p>Muster-Widerrufsformular<br>\u2014 An: Ewelina G\u00f3rska-Tetcu, Trentiner Ring 4, 86356 T\u00e4fertingen, info@lina-mentoring.de<br>\u2014 Hiermit widerrufe(n) ich\/wir (<em>) den von mir\/uns (<\/em>) abgeschlossenen Vertrag \u2026<br>\u2014 Bestellt am (<em>)\/erhalten am (<\/em>)<br>\u2014 Name, Anschrift<br>\u2014 Unterschrift (Papier)<br>\u2014 Datum<br>(*) Unzutreffendes streichen.<\/p>\n\n\n\n<p>Stand: 09.06.2025<\/p>\n","protected":false},"excerpt":{"rendered":"<p>Verbraucher*innen haben das Recht, binnen vierzehn Tagen ohne Angabe von Gr\u00fcnden diesen Vertrag zu widerrufen. Widerrufsfristen Um Ihr Widerrufsrecht auszu\u00fcben, senden Sie eine eindeutige Erkl\u00e4rung an: Ewelina G\u00f3rska-TetcuTrentiner Ring 486356 T\u00e4fertingen, DeutschlandE-Mail: info@lina-mentoring.deTelefon: +49 160 334 97 36 Folgen des WiderrufsWir erstatten alle Zahlungen sp\u00e4testens binnen 14 Tagen ab Eingang Ihres Widerrufs mit demselben Zahlungsmittel [&hellip;]<\/p>\n","protected":false},"author":1,"featured_media":0,"parent":0,"menu_order":0,"comment_status":"closed","ping_status":"closed","template":"","meta":{"_gspb_post_css":"","footnotes":""},"class_list":["post-1088","page","type-page","status-publish","hentry"],"blocksy_meta":[],"_links":{"self":[{"href":"https:\/\/lina-mentoring.de\/index.php\/wp-json\/wp\/v2\/pages\/1088","targetHints":{"allow":["GET"]}}],"collection":[{"href":"https:\/\/lina-mentoring.de\/index.php\/wp-json\/wp\/v2\/pages"}],"about":[{"href":"https:\/\/lina-mentoring.de\/index.php\/wp-json\/wp\/v2\/types\/page"}],"author":[{"embeddable":true,"href":"https:\/\/lina-mentoring.de\/index.php\/wp-json\/wp\/v2\/users\/1"}],"replies":[{"embeddable":true,"href":"https:\/\/lina-mentoring.de\/index.php\/wp-json\/wp\/v2\/comments?post=1088"}],"version-history":[{"count":4,"href":"https:\/\/lina-mentoring.de\/index.php\/wp-json\/wp\/v2\/pages\/1088\/revisions"}],"predecessor-version":[{"id":1263,"href":"https:\/\/lina-mentoring.de\/index.php\/wp-json\/wp\/v2\/pages\/1088\/revisions\/1263"}],"wp:attachment":[{"href":"https:\/\/lina-mentoring.de\/index.php\/wp-json\/wp\/v2\/media?parent=1088"}],"curies":[{"name":"wp","href":"https:\/\/api.w.org\/{rel}","templated":true}]}}